{"id":1596,"date":"2019-09-04T01:27:37","date_gmt":"2019-09-04T01:27:37","guid":{"rendered":"https:\/\/temp.congressodireitocomercial.org.br\/site\/?page_id=1596"},"modified":"2025-12-31T20:30:51","modified_gmt":"2025-12-31T23:30:51","slug":"inscricoes","status":"publish","type":"page","link":"https:\/\/congressodireitocomercial.org.br\/site\/inscricoes\/","title":{"rendered":"Inscri\u00e7\u00f5es"},"content":{"rendered":"<div class=\"gb-container gb-container-fe377bc9\">\n<div class=\"gb-container gb-container-37201d59\">\n<div class=\"gb-container gb-container-9d25df84\">\n\n<h2 class=\"gb-headline gb-headline-4f2cd24e gb-headline-text title-3\">14\u00b0 CONGRESSO BRASILEIRO DE DIREITO COMERCIAL<\/h2>\n\n\n<div class=\"gb-container gb-container-4ff69f86\">\n\n<p class=\"gb-headline gb-headline-50355c94 gb-headline-text\">14 E 15 DE MAIO DE 2026<\/p>\n\n\n\n<p class=\"gb-headline gb-headline-f10a2940 gb-headline-text\">Quinta-feira, dia 14 de maio de 2026 | das 9:00hs \u00e0s 18:00hs<br>Sexta-feira, dia 15 de maio de 2026 | das 9:00hs \u00e0s 17:30hs<\/p>\n\n<\/div>\n\n<div class=\"gb-container gb-container-8387333c\">\n\n<p class=\"gb-headline gb-headline-c460960a gb-headline-text\">LOCAL<\/p>\n\n\n\n<p class=\"gb-headline gb-headline-64bf3af1 gb-headline-text\">Associa\u00e7\u00e3o dos Advogados de S\u00e3o Paulo (AASP)<br>Rua \u00c1lvares Penteado, 151, Centro<br>S\u00e3o Paulo, SP<br><\/p>\n\n<\/div>\n<\/div>\n\n<div class=\"gb-container gb-container-739f6258\">\n        <div class=\"etn-single-event-ticket-wrap\">\n            \n            \n<div class=\"etn-purchase-ticket-root\" data-post_id=\"40771\" data-style=\"\" ><\/div>\n\n        <\/div>\n        \n\n<\/div>\n<\/div>\n<\/div>\n\n\n<p><\/p>\n","protected":false},"excerpt":{"rendered":"<p>14\u00b0 CONGRESSO BRASILEIRO DE DIREITO COMERCIAL 14 E 15 DE MAIO DE 2026 Quinta-feira, dia 14 de maio de 2026 | das 9:00hs \u00e0s 18:00hsSexta-feira, dia 15 de maio de 2026 | das 9:00hs \u00e0s 17:30hs LOCAL Associa\u00e7\u00e3o dos Advogados de S\u00e3o Paulo (AASP)Rua \u00c1lvares Penteado, 151, CentroS\u00e3o Paulo, SP<\/p>\n","protected":false},"author":1,"featured_media":0,"parent":0,"menu_order":0,"comment_status":"closed","ping_status":"closed","template":"","meta":{"_acf_changed":false,"footnotes":""},"tags":[],"class_list":["post-1596","page","type-page","status-publish"],"acf":[],"_links":{"self":[{"href":"https:\/\/congressodireitocomercial.org.br\/site\/wp-json\/wp\/v2\/pages\/1596","targetHints":{"allow":["GET"]}}],"collection":[{"href":"https:\/\/congressodireitocomercial.org.br\/site\/wp-json\/wp\/v2\/pages"}],"about":[{"href":"https:\/\/congressodireitocomercial.org.br\/site\/wp-json\/wp\/v2\/types\/page"}],"author":[{"embeddable":true,"href":"https:\/\/congressodireitocomercial.org.br\/site\/wp-json\/wp\/v2\/users\/1"}],"replies":[{"embeddable":true,"href":"https:\/\/congressodireitocomercial.org.br\/site\/wp-json\/wp\/v2\/comments?post=1596"}],"version-history":[{"count":1,"href":"https:\/\/congressodireitocomercial.org.br\/site\/wp-json\/wp\/v2\/pages\/1596\/revisions"}],"predecessor-version":[{"id":41506,"href":"https:\/\/congressodireitocomercial.org.br\/site\/wp-json\/wp\/v2\/pages\/1596\/revisions\/41506"}],"wp:attachment":[{"href":"https:\/\/congressodireitocomercial.org.br\/site\/wp-json\/wp\/v2\/media?parent=1596"}],"wp:term":[{"taxonomy":"post_tag","embeddable":true,"href":"https:\/\/congressodireitocomercial.org.br\/site\/wp-json\/wp\/v2\/tags?post=1596"}],"curies":[{"name":"wp","href":"https:\/\/api.w.org\/{rel}","templated":true}]}}