{"id":24,"date":"2019-08-29T22:17:56","date_gmt":"2019-08-29T22:17:56","guid":{"rendered":"https:\/\/temp.congressodireitocomercial.org.br\/site\/?page_id=24"},"modified":"2025-11-02T16:37:27","modified_gmt":"2025-11-02T19:37:27","slug":"comercialistas-homenageados","status":"publish","type":"page","link":"https:\/\/congressodireitocomercial.org.br\/site\/comercialistas-homenageados\/","title":{"rendered":"Comercialistas homenageados"},"content":{"rendered":"\t\t<div data-elementor-type=\"wp-post\" data-elementor-id=\"24\" class=\"elementor elementor-24\" data-elementor-post-type=\"page\">\n\t\t\t\t<div class=\"elementor-element elementor-element-53478e6 cbd-homenageados e-flex e-con-boxed e-con e-parent\" data-id=\"53478e6\" data-element_type=\"container\" data-settings=\"{&quot;jet_parallax_layout_list&quot;:[]}\">\n\t\t\t\t\t<div class=\"e-con-inner\">\n\t\t\t\t<div class=\"elementor-element elementor-element-22f2214 elementor-widget__width-initial elementor-position-top elementor-widget elementor-widget-image-box\" data-id=\"22f2214\" data-element_type=\"widget\" data-widget_type=\"image-box.default\">\n\t\t\t\t\t<div class=\"elementor-image-box-wrapper\"><figure class=\"elementor-image-box-img\"><img fetchpriority=\"high\" decoding=\"async\" width=\"460\" height=\"560\" src=\"https:\/\/cdn.congressodireitocomercial.org.br\/wp-media-folder-congresso-brasileiro-de-direito-comercial\/wp-content\/uploads\/2025\/10\/Fabio_Ulhoa_Comercialista_Homenageado_2025_03.jpg\" class=\"attachment-full size-full wp-image-38026\" alt=\"Fabio Ulhoa Coelho\" srcset=\"https:\/\/cdn.congressodireitocomercial.org.br\/wp-media-folder-congresso-brasileiro-de-direito-comercial\/wp-content\/uploads\/2025\/10\/Fabio_Ulhoa_Comercialista_Homenageado_2025_03.jpg 460w, https:\/\/cdn.congressodireitocomercial.org.br\/wp-media-folder-congresso-brasileiro-de-direito-comercial\/wp-content\/uploads\/2025\/10\/Fabio_Ulhoa_Comercialista_Homenageado_2025_03-246x300.jpg 246w\" sizes=\"(max-width: 460px) 100vw, 460px\" \/><\/figure><div class=\"elementor-image-box-content\"><h3 class=\"elementor-image-box-title\">2025<\/h3><p class=\"elementor-image-box-description\">F\u00e1bio Ulhoa Coelho<\/p><\/div><\/div>\t\t\t\t<\/div>\n\t\t\t\t<div class=\"elementor-element elementor-element-d005ef7 elementor-widget__width-initial elementor-position-top elementor-widget elementor-widget-image-box\" data-id=\"d005ef7\" data-element_type=\"widget\" data-widget_type=\"image-box.default\">\n\t\t\t\t\t<div class=\"elementor-image-box-wrapper\"><figure class=\"elementor-image-box-img\"><img decoding=\"async\" width=\"460\" height=\"560\" src=\"https:\/\/cdn.congressodireitocomercial.org.br\/wp-media-folder-congresso-brasileiro-de-direito-comercial\/wp-content\/uploads\/2025\/10\/Uinie-Caminha_Homenageada-2024_03.jpg\" class=\"attachment-full size-full wp-image-38025\" alt=\"Uinie Caminha\" srcset=\"https:\/\/cdn.congressodireitocomercial.org.br\/wp-media-folder-congresso-brasileiro-de-direito-comercial\/wp-content\/uploads\/2025\/10\/Uinie-Caminha_Homenageada-2024_03.jpg 460w, https:\/\/cdn.congressodireitocomercial.org.br\/wp-media-folder-congresso-brasileiro-de-direito-comercial\/wp-content\/uploads\/2025\/10\/Uinie-Caminha_Homenageada-2024_03-246x300.jpg 246w\" sizes=\"(max-width: 460px) 100vw, 460px\" \/><\/figure><div class=\"elementor-image-box-content\"><h3 class=\"elementor-image-box-title\">2024<\/h3><p class=\"elementor-image-box-description\">Uinie Caminha<\/p><\/div><\/div>\t\t\t\t<\/div>\n\t\t\t\t<div class=\"elementor-element elementor-element-d689ef5 elementor-widget__width-initial elementor-position-top elementor-widget elementor-widget-image-box\" data-id=\"d689ef5\" data-element_type=\"widget\" data-widget_type=\"image-box.default\">\n\t\t\t\t\t<div class=\"elementor-image-box-wrapper\"><figure class=\"elementor-image-box-img\"><img decoding=\"async\" width=\"460\" height=\"560\" src=\"https:\/\/cdn.congressodireitocomercial.org.br\/wp-media-folder-congresso-brasileiro-de-direito-comercial\/wp-content\/uploads\/2023\/05\/Paula_Andrea_Forgioni_or.jpg\" class=\"attachment-full size-full wp-image-29285\" alt=\"Paula Andrea Forgioni\" srcset=\"https:\/\/cdn.congressodireitocomercial.org.br\/wp-media-folder-congresso-brasileiro-de-direito-comercial\/wp-content\/uploads\/2023\/05\/Paula_Andrea_Forgioni_or.jpg 460w, https:\/\/cdn.congressodireitocomercial.org.br\/wp-media-folder-congresso-brasileiro-de-direito-comercial\/wp-content\/uploads\/2023\/05\/Paula_Andrea_Forgioni_or-246x300.jpg 246w, https:\/\/cdn.congressodireitocomercial.org.br\/wp-media-folder-congresso-brasileiro-de-direito-comercial\/wp-content\/uploads\/2023\/05\/Paula_Andrea_Forgioni_or-200x243.jpg 200w\" sizes=\"(max-width: 460px) 100vw, 460px\" \/><\/figure><div class=\"elementor-image-box-content\"><h3 class=\"elementor-image-box-title\">2023<\/h3><p class=\"elementor-image-box-description\">Paula Andrea Forgioni<\/p><\/div><\/div>\t\t\t\t<\/div>\n\t\t\t\t<div class=\"elementor-element elementor-element-c68df98 elementor-widget__width-initial elementor-position-top elementor-widget elementor-widget-image-box\" data-id=\"c68df98\" data-element_type=\"widget\" data-widget_type=\"image-box.default\">\n\t\t\t\t\t<div class=\"elementor-image-box-wrapper\"><figure class=\"elementor-image-box-img\"><img loading=\"lazy\" decoding=\"async\" width=\"460\" height=\"560\" src=\"https:\/\/cdn.congressodireitocomercial.org.br\/wp-media-folder-congresso-brasileiro-de-direito-comercial\/wp-content\/uploads\/2022\/09\/jose-alexandre-tavares-guerreiro.jpg\" class=\"attachment-full size-full wp-image-27930\" alt=\"Jos\u00e9 Alexandre Tavares Guerreiro\" srcset=\"https:\/\/cdn.congressodireitocomercial.org.br\/wp-media-folder-congresso-brasileiro-de-direito-comercial\/wp-content\/uploads\/2022\/09\/jose-alexandre-tavares-guerreiro.jpg 460w, https:\/\/cdn.congressodireitocomercial.org.br\/wp-media-folder-congresso-brasileiro-de-direito-comercial\/wp-content\/uploads\/2022\/09\/jose-alexandre-tavares-guerreiro-246x300.jpg 246w, https:\/\/cdn.congressodireitocomercial.org.br\/wp-media-folder-congresso-brasileiro-de-direito-comercial\/wp-content\/uploads\/2022\/09\/jose-alexandre-tavares-guerreiro-200x243.jpg 200w\" sizes=\"(max-width: 460px) 100vw, 460px\" \/><\/figure><div class=\"elementor-image-box-content\"><h3 class=\"elementor-image-box-title\">2022<\/h3><p class=\"elementor-image-box-description\">Jos\u00e9 Alexandre Tavares Guerreiro<\/p><\/div><\/div>\t\t\t\t<\/div>\n\t\t\t\t<div class=\"elementor-element elementor-element-f47e2e0 elementor-widget__width-initial elementor-position-top elementor-widget elementor-widget-image-box\" data-id=\"f47e2e0\" data-element_type=\"widget\" data-widget_type=\"image-box.default\">\n\t\t\t\t\t<div class=\"elementor-image-box-wrapper\"><figure class=\"elementor-image-box-img\"><img loading=\"lazy\" decoding=\"async\" width=\"230\" height=\"280\" src=\"https:\/\/cdn.congressodireitocomercial.org.br\/wp-media-folder-congresso-brasileiro-de-direito-comercial\/wp-content\/uploads\/2019\/08\/manoel-calcas.jpg\" class=\"attachment-full size-full wp-image-121\" alt=\"Manoel de Queiroz Pereira Cal\u00e7as\" \/><\/figure><div class=\"elementor-image-box-content\"><h3 class=\"elementor-image-box-title\">2019<\/h3><p class=\"elementor-image-box-description\">Manoel de Queiroz Pereira Cal\u00e7as<\/p><\/div><\/div>\t\t\t\t<\/div>\n\t\t\t\t<div class=\"elementor-element elementor-element-96f26bb elementor-widget__width-initial elementor-position-top elementor-widget elementor-widget-image-box\" data-id=\"96f26bb\" data-element_type=\"widget\" data-widget_type=\"image-box.default\">\n\t\t\t\t\t<div class=\"elementor-image-box-wrapper\"><figure class=\"elementor-image-box-img\"><img loading=\"lazy\" decoding=\"async\" width=\"230\" height=\"280\" src=\"https:\/\/cdn.congressodireitocomercial.org.br\/wp-media-folder-congresso-brasileiro-de-direito-comercial\/wp-content\/uploads\/2019\/08\/luis_felipe_salomao.jpg\" class=\"attachment-full size-full wp-image-120\" alt=\"Min. Luis Felipe Salom\u00e3o\" \/><\/figure><div class=\"elementor-image-box-content\"><h3 class=\"elementor-image-box-title\">2018<\/h3><p class=\"elementor-image-box-description\">Min. Luis Felipe Salom\u00e3o\n\n<\/p><\/div><\/div>\t\t\t\t<\/div>\n\t\t\t\t<div class=\"elementor-element elementor-element-7a776a7 elementor-widget__width-initial elementor-position-top elementor-widget elementor-widget-image-box\" data-id=\"7a776a7\" data-element_type=\"widget\" data-widget_type=\"image-box.default\">\n\t\t\t\t\t<div class=\"elementor-image-box-wrapper\"><figure class=\"elementor-image-box-img\"><img loading=\"lazy\" decoding=\"async\" width=\"230\" height=\"280\" src=\"https:\/\/cdn.congressodireitocomercial.org.br\/wp-media-folder-congresso-brasileiro-de-direito-comercial\/wp-content\/uploads\/2019\/08\/correa-lima.jpg\" class=\"attachment-full size-full wp-image-117\" alt=\"Osmar Brina Corr\u00eaa-Lima\" \/><\/figure><div class=\"elementor-image-box-content\"><h3 class=\"elementor-image-box-title\">2017<\/h3><p class=\"elementor-image-box-description\">Osmar Brina Corr\u00eaa-Lima\n\n<\/p><\/div><\/div>\t\t\t\t<\/div>\n\t\t\t\t<div class=\"elementor-element elementor-element-660f99c elementor-widget__width-initial elementor-position-top elementor-widget elementor-widget-image-box\" data-id=\"660f99c\" data-element_type=\"widget\" data-widget_type=\"image-box.default\">\n\t\t\t\t\t<div class=\"elementor-image-box-wrapper\"><figure class=\"elementor-image-box-img\"><img loading=\"lazy\" decoding=\"async\" width=\"230\" height=\"280\" src=\"https:\/\/cdn.congressodireitocomercial.org.br\/wp-media-folder-congresso-brasileiro-de-direito-comercial\/wp-content\/uploads\/2019\/08\/alfredo_de_assis.jpg\" class=\"attachment-full size-full wp-image-115\" alt=\"Alfredo de Assis Gon\u00e7alves Neto\" \/><\/figure><div class=\"elementor-image-box-content\"><h3 class=\"elementor-image-box-title\">2016<\/h3><p class=\"elementor-image-box-description\">Alfredo de Assis Gon\u00e7alves Neto<\/p><\/div><\/div>\t\t\t\t<\/div>\n\t\t\t\t<div class=\"elementor-element elementor-element-6033b67 elementor-widget__width-initial elementor-position-top elementor-widget elementor-widget-image-box\" data-id=\"6033b67\" data-element_type=\"widget\" data-widget_type=\"image-box.default\">\n\t\t\t\t\t<div class=\"elementor-image-box-wrapper\"><figure class=\"elementor-image-box-img\"><img loading=\"lazy\" decoding=\"async\" width=\"230\" height=\"280\" src=\"https:\/\/cdn.congressodireitocomercial.org.br\/wp-media-folder-congresso-brasileiro-de-direito-comercial\/wp-content\/uploads\/2019\/08\/arnoldo_wald.jpg\" class=\"attachment-full size-full wp-image-116\" alt=\"Arnoldo Wald\" \/><\/figure><div class=\"elementor-image-box-content\"><h3 class=\"elementor-image-box-title\">2015<\/h3><p class=\"elementor-image-box-description\">Arnoldo Wald<\/p><\/div><\/div>\t\t\t\t<\/div>\n\t\t\t\t<div class=\"elementor-element elementor-element-78af254 elementor-widget__width-initial elementor-position-top elementor-widget elementor-widget-image-box\" data-id=\"78af254\" data-element_type=\"widget\" data-widget_type=\"image-box.default\">\n\t\t\t\t\t<div class=\"elementor-image-box-wrapper\"><figure class=\"elementor-image-box-img\"><img loading=\"lazy\" decoding=\"async\" width=\"230\" height=\"280\" src=\"https:\/\/cdn.congressodireitocomercial.org.br\/wp-media-folder-congresso-brasileiro-de-direito-comercial\/wp-content\/uploads\/2019\/08\/fabio_konder_comparato.jpg\" class=\"attachment-full size-full wp-image-118\" alt=\"F\u00e1bio Konder Comparato\" \/><\/figure><div class=\"elementor-image-box-content\"><h3 class=\"elementor-image-box-title\">2014<\/h3><p class=\"elementor-image-box-description\">F\u00e1bio Konder Comparato<\/p><\/div><\/div>\t\t\t\t<\/div>\n\t\t\t\t<div class=\"elementor-element elementor-element-c298669 elementor-widget__width-initial elementor-position-top elementor-widget elementor-widget-image-box\" data-id=\"c298669\" data-element_type=\"widget\" data-widget_type=\"image-box.default\">\n\t\t\t\t\t<div class=\"elementor-image-box-wrapper\"><figure class=\"elementor-image-box-img\"><img loading=\"lazy\" decoding=\"async\" width=\"230\" height=\"280\" src=\"https:\/\/cdn.congressodireitocomercial.org.br\/wp-media-folder-congresso-brasileiro-de-direito-comercial\/wp-content\/uploads\/2019\/08\/joao_noronha.jpg\" class=\"attachment-full size-full wp-image-119\" alt=\"Min. Jo\u00e3o Ot\u00e1vio Noronha\" \/><\/figure><div class=\"elementor-image-box-content\"><h3 class=\"elementor-image-box-title\">2013<\/h3><p class=\"elementor-image-box-description\">Min. Jo\u00e3o Ot\u00e1vio Noronha<\/p><\/div><\/div>\t\t\t\t<\/div>\n\t\t\t\t<div class=\"elementor-element elementor-element-babdd25 elementor-widget__width-initial elementor-position-top elementor-widget elementor-widget-image-box\" data-id=\"babdd25\" data-element_type=\"widget\" data-widget_type=\"image-box.default\">\n\t\t\t\t\t<div class=\"elementor-image-box-wrapper\"><figure class=\"elementor-image-box-img\"><img loading=\"lazy\" decoding=\"async\" width=\"230\" height=\"280\" src=\"https:\/\/cdn.congressodireitocomercial.org.br\/wp-media-folder-congresso-brasileiro-de-direito-comercial\/wp-content\/uploads\/2019\/08\/modesto_carvalhosa.jpg\" class=\"attachment-full size-full wp-image-122\" alt=\"Modesto Carvalhosa\" \/><\/figure><div class=\"elementor-image-box-content\"><h3 class=\"elementor-image-box-title\">2012<\/h3><p class=\"elementor-image-box-description\">Modesto Carvalhosa<\/p><\/div><\/div>\t\t\t\t<\/div>\n\t\t\t\t\t<\/div>\n\t\t\t\t<\/div>\n\t\t\t\t<\/div>\n\t\t","protected":false},"excerpt":{"rendered":"<p>2025 F\u00e1bio Ulhoa Coelho 2024 Uinie Caminha 2023 Paula Andrea Forgioni 2022 Jos\u00e9 Alexandre Tavares Guerreiro 2019 Manoel de Queiroz Pereira Cal\u00e7as 2018 Min. Luis Felipe Salom\u00e3o 2017 Osmar Brina Corr\u00eaa-Lima 2016 Alfredo de Assis Gon\u00e7alves Neto 2015 Arnoldo Wald 2014 F\u00e1bio Konder Comparato 2013 Min. Jo\u00e3o Ot\u00e1vio Noronha 2012 Modesto Carvalhosa<\/p>\n","protected":false},"author":1,"featured_media":0,"parent":0,"menu_order":0,"comment_status":"closed","ping_status":"closed","template":"","meta":{"_acf_changed":false,"footnotes":""},"tags":[],"class_list":["post-24","page","type-page","status-publish"],"acf":[],"_links":{"self":[{"href":"https:\/\/congressodireitocomercial.org.br\/site\/wp-json\/wp\/v2\/pages\/24","targetHints":{"allow":["GET"]}}],"collection":[{"href":"https:\/\/congressodireitocomercial.org.br\/site\/wp-json\/wp\/v2\/pages"}],"about":[{"href":"https:\/\/congressodireitocomercial.org.br\/site\/wp-json\/wp\/v2\/types\/page"}],"author":[{"embeddable":true,"href":"https:\/\/congressodireitocomercial.org.br\/site\/wp-json\/wp\/v2\/users\/1"}],"replies":[{"embeddable":true,"href":"https:\/\/congressodireitocomercial.org.br\/site\/wp-json\/wp\/v2\/comments?post=24"}],"version-history":[{"count":0,"href":"https:\/\/congressodireitocomercial.org.br\/site\/wp-json\/wp\/v2\/pages\/24\/revisions"}],"wp:attachment":[{"href":"https:\/\/congressodireitocomercial.org.br\/site\/wp-json\/wp\/v2\/media?parent=24"}],"wp:term":[{"taxonomy":"post_tag","embeddable":true,"href":"https:\/\/congressodireitocomercial.org.br\/site\/wp-json\/wp\/v2\/tags?post=24"}],"curies":[{"name":"wp","href":"https:\/\/api.w.org\/{rel}","templated":true}]}}